{"id":1042,"date":"2021-04-30T18:00:03","date_gmt":"2021-04-30T16:00:03","guid":{"rendered":"https:\/\/praxis-armonia.ch\/?page_id=1042"},"modified":"2025-12-02T21:01:03","modified_gmt":"2025-12-02T20:01:03","slug":"home-2-2-5","status":"publish","type":"page","link":"https:\/\/praxis-armonia.ch\/?page_id=1042","title":{"rendered":"Fussreflexzonenmassage"},"content":{"rendered":"<div class=\"wpb-content-wrapper\"><p>[vc_row][vc_column][rev_slider_vc alias=&#8220;homev1&#8243;][vc_empty_space height=&#8220;80px&#8220;][\/vc_column][\/vc_row][vc_row][vc_column width=&#8220;1\/4&#8243;][\/vc_column][vc_column width=&#8220;1\/2&#8243;][vc_custom_heading text=&#8220;Fussreflexzonen-Massage&#8220; font_container=&#8220;tag:h2|font_size:26px|text_align:center&#8220; use_theme_fonts=&#8220;yes&#8220; css=&#8220;&#8220;][vc_column_text css=&#8220;&#8220;]Die Fussreflexzonenmassage ist eine ganzheitliche Therapieform, die K\u00f6rper, Geist und Seele harmonisiert. Durch das Massieren von gezielten Druckpunkten an den F\u00fcssen werden die inneren Organe und verschiedene K\u00f6rperregionen stimuliert, da jede Zone am Fuss mit einem bestimmten K\u00f6rperteil verbunden ist. Diese Technik hilft, die Selbstheilungskr\u00e4fte des K\u00f6rpers zu aktivieren, Spannungen zu l\u00f6sen und das allgemeine Wohlbefinden zu f\u00f6rdern.<\/p>\n<p>In der Naturheilpraxis setzen wir die Reflexzonentherapie ein, um Blockaden zu l\u00f6sen, Stress abzubauen und die Energie im K\u00f6rper wieder ins Gleichgewicht zu bringen. Sie ist besonders wohltuend bei Beschwerden wie Verdauungsproblemen, Kopfschmerzen oder R\u00fcckenschmerzen und unterst\u00fctzt die Regeneration durch ihre entspannende Wirkung auf nat\u00fcrliche Weise.[\/vc_column_text][vc_empty_space height=&#8220;40px&#8220;][vc_single_image image=&#8220;717&#8243; img_size=&#8220;full&#8220; css=&#8220;&#8220;][vc_empty_space height=&#8220;40px&#8220;]<span id=\"creative-link-wrap-5599\" class=\"ult_main_cl ult-adjust-bottom-margin style-ten  vc_custom_1735923676108\" >\n\t \t\t\t<span class=\"ult_cl_link_11  ult_crlink\" >\n\t\t\t\t\t<a  data-ultimate-target='#creative-link-wrap-5599 .ult_colorlink'  data-responsive-json-new='{\"font-size\":\"desktop:12px;\",\"line-height\":\"desktop:16px;\"}'  href=\"https:\/\/praxis-armonia.ch\/?page_id=704\" title=\"Termin vereinbaren\"  class=\"ult_colorlink ult-responsive \" style=\"font-family:Open Sans;font-weight:600; \"  data-textcolor=\"#ffffff\" data-texthover=\"#000000\"data-style=\"Style_11\">\n\t\t\t\t\t\t<span class=\"ult_link_top ult_btn11_link_top \" style=\"background:#008080;color:#000000;;padding-top: 10px !important;padding-right: 20px !important;padding-bottom: 10px !important;padding-left: 20px !important;\">Termin vereinbaren<\/span>\n\t\t\t\t\t\t<span data-hover=\"Termin vereinbaren\" style=\"color:#ffffff;;background:#000000;;padding-top: 10px !important;padding-right: 20px !important;padding-bottom: 10px !important;padding-left: 20px !important;\" class=\"ult_btn10_span   \">Termin vereinbaren<\/span>\n\t\t\t\t\t\t\n\t\t\t\t\t<\/a>\n\t\t\t\t<\/span>\n\t\t\t<\/span>[vc_empty_space height=&#8220;40px&#8220;][\/vc_column][vc_column width=&#8220;1\/4&#8243;][\/vc_column][\/vc_row][vc_row bg_type=&#8220;bg_color&#8220; bg_override=&#8220;ex-full&#8220; css=&#8220;.vc_custom_1734355914592{padding-top: 120px !important;padding-bottom: 100px !important;}&#8220; bg_color_value=&#8220;#d4e9e9&#8243;][vc_column css_animation=&#8220;slideInUp&#8220; width=&#8220;1\/4&#8243; css=&#8220;.vc_custom_1497199728369{padding-right: 25px !important;padding-left: 25px !important;}&#8220;][\/vc_column][vc_column css_animation=&#8220;none&#8220; width=&#8220;1\/2&#8243; css=&#8220;.vc_custom_1733340176151{padding-right: 25px !important;padding-left: 25px !important;}&#8220;][vc_custom_heading text=&#8220;Bei welchen Beschwerden hilft die Fussreflexzonen-Massage?&#8220; font_container=&#8220;tag:h3|font_size:26px|text_align:center&#8220; use_theme_fonts=&#8220;yes&#8220; css=&#8220;&#8220;][vc_empty_space height=&#8220;40px&#8220;][vc_column_text css=&#8220;&#8220;]Die Fussreflexzonen-Massage kann bei einer Vielzahl von Symptomen und Beschwerden unterst\u00fctzend wirken und wird h\u00e4ufig zur F\u00f6rderung der Heilung sowie zur Schmerzlinderung eingesetzt. Sie kann insbesondere bei folgenden Symptomen und Krankheitsbildern wirksam sein:[\/vc_column_text][vc_empty_space height=&#8220;40px&#8220;]<div class=\"aio-icon-component    style_1\"><a class=\"aio-icon-box-link\" ><div id=\"Info-box-wrap-5325\" class=\"aio-icon-box top-icon\" style=\"\"  ><div class=\"aio-icon-top\"><div class=\"ult-just-icon-wrapper  \"><div class=\"align-icon\" style=\"text-align:center;\">\n<div class=\"aio-icon none \"  style=\"color:#333;font-size:30px;display:inline-block;\">\n\t<i class=\"Defaults-exclamation-triangle warning\"><\/i>\n<\/div><\/div><\/div><\/div><div class=\"aio-icon-header\" ><h3 class=\"aio-icon-title ult-responsive\"  data-ultimate-target='#Info-box-wrap-5325 .aio-icon-title'  data-responsive-json-new='{\"font-size\":\"desktop:13px;\",\"line-height\":\"\"}'  style=\"font-family:&#039;Open Sans&#039;;font-weight:700;color:#3f3f3f;\">Stress und Anspannung<\/h3><\/div> <!-- header --><div class=\"aio-icon-description ult-responsive\"  data-ultimate-target='#Info-box-wrap-5325 .aio-icon-description'  data-responsive-json-new='{\"font-size\":\"\",\"line-height\":\"\"}'  style=\"\">Sie hilft, k\u00f6rperliche und emotionale Spannungen abzubauen und unterst\u00fctzt bei Schlafst\u00f6rungen sowie innerer Unruhe oder Hyperaktivit\u00e4t (z.B. bei Kindern).<\/div> <!-- description --><\/div> <!-- aio-icon-box --><\/a><\/div> <!-- aio-icon-component --><div class=\"aio-icon-component    style_1\"><a class=\"aio-icon-box-link\" ><div id=\"Info-box-wrap-4327\" class=\"aio-icon-box top-icon\" style=\"\"  ><div class=\"aio-icon-top\"><div class=\"ult-just-icon-wrapper  \"><div class=\"align-icon\" style=\"text-align:center;\">\n<div class=\"aio-icon none \"  style=\"color:#333;font-size:30px;display:inline-block;\">\n\t<i class=\"Defaults-repeat rotate-right\"><\/i>\n<\/div><\/div><\/div><\/div><div class=\"aio-icon-header\" ><h3 class=\"aio-icon-title ult-responsive\"  data-ultimate-target='#Info-box-wrap-4327 .aio-icon-title'  data-responsive-json-new='{\"font-size\":\"desktop:13px;\",\"line-height\":\"\"}'  style=\"font-family:&#039;Open Sans&#039;;font-weight:700;color:#3f3f3f;\">Verdauungsbeschwerden<\/h3><\/div> <!-- header --><div class=\"aio-icon-description ult-responsive\"  data-ultimate-target='#Info-box-wrap-4327 .aio-icon-description'  data-responsive-json-new='{\"font-size\":\"\",\"line-height\":\"\"}'  style=\"\">Sie f\u00f6rdert eine gesunde Verdauung und kann bei Magen-Darm-Beschwerden wie Verstopfung, Bl\u00e4hungen und Reizdarm Linderung verschaffen.<\/div> <!-- description --><\/div> <!-- aio-icon-box --><\/a><\/div> <!-- aio-icon-component --><div class=\"aio-icon-component    style_1\"><a class=\"aio-icon-box-link\" ><div id=\"Info-box-wrap-6302\" class=\"aio-icon-box top-icon\" style=\"\"  ><div class=\"aio-icon-top\"><div class=\"ult-just-icon-wrapper  \"><div class=\"align-icon\" style=\"text-align:center;\">\n<div class=\"aio-icon none \"  style=\"color:#333;font-size:30px;display:inline-block;\">\n\t<i class=\"Defaults-bolt flash\"><\/i>\n<\/div><\/div><\/div><\/div><div class=\"aio-icon-header\" ><h3 class=\"aio-icon-title ult-responsive\"  data-ultimate-target='#Info-box-wrap-6302 .aio-icon-title'  data-responsive-json-new='{\"font-size\":\"desktop:13px;\",\"line-height\":\"\"}'  style=\"font-family:&#039;Open Sans&#039;;font-weight:700;color:#3f3f3f;\">Kopfschmerzen und Migr\u00e4ne<\/h3><\/div> <!-- header --><div class=\"aio-icon-description ult-responsive\"  data-ultimate-target='#Info-box-wrap-6302 .aio-icon-description'  data-responsive-json-new='{\"font-size\":\"\",\"line-height\":\"\"}'  style=\"\">Durch die Entspannung der Nerven und die F\u00f6rderung der Durchblutung kann die Massage Spannungskopfschmerzen und Migr\u00e4neanf\u00e4lle mildern.<\/div> <!-- description --><\/div> <!-- aio-icon-box --><\/a><\/div> <!-- aio-icon-component --><div class=\"aio-icon-component    style_1\"><a class=\"aio-icon-box-link\" ><div id=\"Info-box-wrap-9152\" class=\"aio-icon-box top-icon\" style=\"\"  ><div class=\"aio-icon-top\"><div class=\"ult-just-icon-wrapper  \"><div class=\"align-icon\" style=\"text-align:center;\">\n<div class=\"aio-icon none \"  style=\"color:#333;font-size:30px;display:inline-block;\">\n\t<i class=\"Defaults-stack-overflow\"><\/i>\n<\/div><\/div><\/div><\/div><div class=\"aio-icon-header\" ><h3 class=\"aio-icon-title ult-responsive\"  data-ultimate-target='#Info-box-wrap-9152 .aio-icon-title'  data-responsive-json-new='{\"font-size\":\"desktop:13px;\",\"line-height\":\"\"}'  style=\"font-family:&#039;Open Sans&#039;;font-weight:700;color:#3f3f3f;\">R\u00fcckenschmerzen, Ischialgie und Muskelverspannungen<\/h3><\/div> <!-- header --><div class=\"aio-icon-description ult-responsive\"  data-ultimate-target='#Info-box-wrap-9152 .aio-icon-description'  data-responsive-json-new='{\"font-size\":\"\",\"line-height\":\"\"}'  style=\"\">Sie wirkt unterst\u00fctzend bei muskul\u00e4ren Verspannungen und lindert Beschwerden im R\u00fccken-, Nacken- und Schulterbereich.<\/div> <!-- description --><\/div> <!-- aio-icon-box --><\/a><\/div> <!-- aio-icon-component --><div class=\"aio-icon-component    style_1\"><a class=\"aio-icon-box-link\" ><div id=\"Info-box-wrap-7717\" class=\"aio-icon-box top-icon\" style=\"\"  ><div class=\"aio-icon-top\"><div class=\"ult-just-icon-wrapper  \"><div class=\"align-icon\" style=\"text-align:center;\">\n<div class=\"aio-icon none \"  style=\"color:#333;font-size:30px;display:inline-block;\">\n\t<i class=\"Defaults-tint\"><\/i>\n<\/div><\/div><\/div><\/div><div class=\"aio-icon-header\" ><h3 class=\"aio-icon-title ult-responsive\"  data-ultimate-target='#Info-box-wrap-7717 .aio-icon-title'  data-responsive-json-new='{\"font-size\":\"desktop:13px;\",\"line-height\":\"\"}'  style=\"font-family:&#039;Open Sans&#039;;font-weight:700;color:#3f3f3f;\">Hormonschwankungen und Menstruationsbeschwerden<\/h3><\/div> <!-- header --><div class=\"aio-icon-description ult-responsive\"  data-ultimate-target='#Info-box-wrap-7717 .aio-icon-description'  data-responsive-json-new='{\"font-size\":\"\",\"line-height\":\"\"}'  style=\"\">Sie kann helfen, hormonelle Ungleichgewichte auszugleichen und Beschwerden wie PMS, Menstruationskr\u00e4mpfe oder Wechseljahrsbeschwerden zu mildern.<\/div> <!-- description --><\/div> <!-- aio-icon-box --><\/a><\/div> <!-- aio-icon-component --><div class=\"aio-icon-component    style_1\"><a class=\"aio-icon-box-link\" ><div id=\"Info-box-wrap-7979\" class=\"aio-icon-box top-icon\" style=\"\"  ><div class=\"aio-icon-top\"><div class=\"ult-just-icon-wrapper  \"><div class=\"align-icon\" style=\"text-align:center;\">\n<div class=\"aio-icon none \"  style=\"color:#333;font-size:30px;display:inline-block;\">\n\t<i class=\"Defaults-cloud-upload\"><\/i>\n<\/div><\/div><\/div><\/div><div class=\"aio-icon-header\" ><h3 class=\"aio-icon-title ult-responsive\"  data-ultimate-target='#Info-box-wrap-7979 .aio-icon-title'  data-responsive-json-new='{\"font-size\":\"desktop:13px;\",\"line-height\":\"\"}'  style=\"font-family:&#039;Open Sans&#039;;font-weight:700;color:#3f3f3f;\">Atemwegsprobleme<\/h3><\/div> <!-- header --><div class=\"aio-icon-description ult-responsive\"  data-ultimate-target='#Info-box-wrap-7979 .aio-icon-description'  data-responsive-json-new='{\"font-size\":\"\",\"line-height\":\"\"}'  style=\"\">Sie unterst\u00fctzt die Atmung und kann Linderung bei Sinusitis, Erk\u00e4ltungen, Bronchitis, Husten oder chronischen Atemwegsbeschwerden, aber auch bei Lungenproblemen, Asthma, Heuschnupfen und Lungenentz\u00fcndung bieten. Hilfreich auch bei Allergien.<\/div> <!-- description --><\/div> <!-- aio-icon-box --><\/a><\/div> <!-- aio-icon-component --><div class=\"aio-icon-component    style_1\"><a class=\"aio-icon-box-link\" ><div id=\"Info-box-wrap-5685\" class=\"aio-icon-box top-icon\" style=\"\"  ><div class=\"aio-icon-top\"><div class=\"ult-just-icon-wrapper  \"><div class=\"align-icon\" style=\"text-align:center;\">\n<div class=\"aio-icon none \"  style=\"color:#333;font-size:30px;display:inline-block;\">\n\t<i class=\"Defaults-magic\"><\/i>\n<\/div><\/div><\/div><\/div><div class=\"aio-icon-header\" ><h3 class=\"aio-icon-title ult-responsive\"  data-ultimate-target='#Info-box-wrap-5685 .aio-icon-title'  data-responsive-json-new='{\"font-size\":\"desktop:13px;\",\"line-height\":\"\"}'  style=\"font-family:&#039;Open Sans&#039;;font-weight:700;color:#3f3f3f;\">St\u00e4rkung des Immunsystems:<\/h3><\/div> <!-- header --><div class=\"aio-icon-description ult-responsive\"  data-ultimate-target='#Info-box-wrap-5685 .aio-icon-description'  data-responsive-json-new='{\"font-size\":\"\",\"line-height\":\"\"}'  style=\"\">Sie f\u00f6rdert das Immunsystem, indem es die Selbstheilungskr\u00e4fte aktiviert und den K\u00f6rper widerstandsf\u00e4higer gegen Infekte macht. Hilft bei Ohrenschmerzen und Mittelohrentz\u00fcndung.<\/div> <!-- description --><\/div> <!-- aio-icon-box --><\/a><\/div> <!-- aio-icon-component --><div class=\"aio-icon-component    style_1\"><a class=\"aio-icon-box-link\" ><div id=\"Info-box-wrap-6708\" class=\"aio-icon-box top-icon\" style=\"\"  ><div class=\"aio-icon-top\"><div class=\"ult-just-icon-wrapper  \"><div class=\"align-icon\" style=\"text-align:center;\">\n<div class=\"aio-icon none \"  style=\"color:#333;font-size:30px;display:inline-block;\">\n\t<i class=\"Defaults-exchange\"><\/i>\n<\/div><\/div><\/div><\/div><div class=\"aio-icon-header\" ><h3 class=\"aio-icon-title ult-responsive\"  data-ultimate-target='#Info-box-wrap-6708 .aio-icon-title'  data-responsive-json-new='{\"font-size\":\"desktop:13px;\",\"line-height\":\"\"}'  style=\"font-family:&#039;Open Sans&#039;;font-weight:700;color:#3f3f3f;\">Durchblutungsst\u00f6rungen<\/h3><\/div> <!-- header --><div class=\"aio-icon-description ult-responsive\"  data-ultimate-target='#Info-box-wrap-6708 .aio-icon-description'  data-responsive-json-new='{\"font-size\":\"\",\"line-height\":\"\"}'  style=\"\">Sie f\u00f6rdert die Durchblutung und kann insbesondere bei kalten H\u00e4nden und F\u00fcssen oder allgemeinen Kreislaufproblemen hilfreich sein. L\u00f6st auch Lymphstau und kann bei Lymph\u00f6demen eingesetzt werden.<\/div> <!-- description --><\/div> <!-- aio-icon-box --><\/a><\/div> <!-- aio-icon-component --><div class=\"aio-icon-component    style_1\"><a class=\"aio-icon-box-link\" ><div id=\"Info-box-wrap-8732\" class=\"aio-icon-box top-icon\" style=\"\"  ><div class=\"aio-icon-top\"><div class=\"ult-just-icon-wrapper  \"><div class=\"align-icon\" style=\"text-align:center;\">\n<div class=\"aio-icon none \"  style=\"color:#333;font-size:30px;display:inline-block;\">\n\t<i class=\"Defaults-venus\"><\/i>\n<\/div><\/div><\/div><\/div><div class=\"aio-icon-header\" ><h3 class=\"aio-icon-title ult-responsive\"  data-ultimate-target='#Info-box-wrap-8732 .aio-icon-title'  data-responsive-json-new='{\"font-size\":\"desktop:13px;\",\"line-height\":\"\"}'  style=\"font-family:&#039;Open Sans&#039;;font-weight:700;color:#3f3f3f;\">Schwangerschaft<\/h3><\/div> <!-- header --><div class=\"aio-icon-description ult-responsive\"  data-ultimate-target='#Info-box-wrap-8732 .aio-icon-description'  data-responsive-json-new='{\"font-size\":\"\",\"line-height\":\"\"}'  style=\"\">Bei fehlender Milch w\u00e4hrend der Stillzeit, H\u00e4morrhoiden, Problemen mit den Beckenb\u00e4ndern oder auch bei unerf\u00fclltem Kinderwunsch wird die Massage erfolgreich eingesetzt.<\/div> <!-- description --><\/div> <!-- aio-icon-box --><\/a><\/div> <!-- aio-icon-component --><div class=\"aio-icon-component    style_1\"><a class=\"aio-icon-box-link\" ><div id=\"Info-box-wrap-8321\" class=\"aio-icon-box top-icon\" style=\"\"  ><div class=\"aio-icon-top\"><div class=\"ult-just-icon-wrapper  \"><div class=\"align-icon\" style=\"text-align:center;\">\n<div class=\"aio-icon none \"  style=\"color:#333;font-size:30px;display:inline-block;\">\n\t<i class=\"Defaults-arrow-circle-o-down\"><\/i>\n<\/div><\/div><\/div><\/div><div class=\"aio-icon-header\" ><h3 class=\"aio-icon-title ult-responsive\"  data-ultimate-target='#Info-box-wrap-8321 .aio-icon-title'  data-responsive-json-new='{\"font-size\":\"desktop:13px;\",\"line-height\":\"\"}'  style=\"font-family:&#039;Open Sans&#039;;font-weight:700;color:#3f3f3f;\">Organproblemen<\/h3><\/div> <!-- header --><div class=\"aio-icon-description ult-responsive\"  data-ultimate-target='#Info-box-wrap-8321 .aio-icon-description'  data-responsive-json-new='{\"font-size\":\"\",\"line-height\":\"\"}'  style=\"\">Gallenschmerzen, Gallenkolik oder Gallensteine, Blasenentz\u00fcndungen, Reflux im Magen k\u00f6nnen mit der Technik bearbeitet werden.<\/div> <!-- description --><\/div> <!-- aio-icon-box --><\/a><\/div> <!-- aio-icon-component -->[vc_empty_space height=&#8220;60px&#8220;]<span id=\"creative-link-wrap-6819\" class=\"ult_main_cl ult-adjust-bottom-margin style-ten  vc_custom_1735923695399\" >\n\t \t\t\t<span class=\"ult_cl_link_11  ult_crlink\" >\n\t\t\t\t\t<a  data-ultimate-target='#creative-link-wrap-6819 .ult_colorlink'  data-responsive-json-new='{\"font-size\":\"desktop:12px;\",\"line-height\":\"desktop:16px;\"}'  href=\"https:\/\/praxis-armonia.ch\/?page_id=704\" title=\"Termin vereinbaren\"  class=\"ult_colorlink ult-responsive \" style=\"font-family:Open Sans;font-weight:600; \"  data-textcolor=\"#ffffff\" data-texthover=\"#000000\"data-style=\"Style_11\">\n\t\t\t\t\t\t<span class=\"ult_link_top ult_btn11_link_top \" style=\"background:#008080;color:#000000;;padding-top: 10px !important;padding-right: 20px !important;padding-bottom: 10px !important;padding-left: 20px !important;\">Termin vereinbaren<\/span>\n\t\t\t\t\t\t<span data-hover=\"Termin vereinbaren\" style=\"color:#ffffff;;background:#000000;;padding-top: 10px !important;padding-right: 20px !important;padding-bottom: 10px !important;padding-left: 20px !important;\" class=\"ult_btn10_span   \">Termin vereinbaren<\/span>\n\t\t\t\t\t\t\n\t\t\t\t\t<\/a>\n\t\t\t\t<\/span>\n\t\t\t<\/span><div class=\"ult-spacer spacer-69f5bea3a35f5\" data-id=\"69f5bea3a35f5\" data-height=\"0\" data-height-mobile=\"40\" data-height-tab=\"\" data-height-tab-portrait=\"\" data-height-mobile-landscape=\"40\" style=\"clear:both;display:block;\"><\/div>[\/vc_column][vc_column css_animation=&#8220;slideInUp&#8220; width=&#8220;1\/4&#8243; css=&#8220;.vc_custom_1497199737375{padding-right: 25px !important;padding-left: 25px !important;}&#8220;][\/vc_column][\/vc_row][vc_row bg_type=&#8220;bg_color&#8220; bg_override=&#8220;ex-full&#8220; css=&#8220;.vc_custom_1734358025247{padding-top: 120px !important;}&#8220; bg_color_value=&#8220;#a9d3d3&#8243;][vc_column][vc_column_text css=&#8220;.vc_custom_1734383862458{background-color: __USE_THEME_MAIN_COLOR__ !important;border-color: __USE_THEME_MAIN_COLOR__ !important;}&#8220;]<\/p>\n<h1 class=\"h1quotehome\">\u201c Wie oben, so unten, wie innen, so aussen.\u201d<\/h1>\n<p>&nbsp;<\/p>\n<p>&#8211; Hermetisches Gesetz[\/vc_column_text][vc_empty_space height=&#8220;100px&#8220;][\/vc_column][\/vc_row]<\/p>\n<\/div>","protected":false},"excerpt":{"rendered":"<p>[vc_row][vc_column][rev_slider_vc alias=&#8220;homev1&#8243;][vc_empty_space height=&#8220;80px&#8220;][\/vc_column][\/vc_row][vc_row][vc_column width=&#8220;1\/4&#8243;][\/vc_column][vc_column width=&#8220;1\/2&#8243;][vc_custom_heading text=&#8220;Fussreflexzonen-Massage&#8220; font_container=&#8220;tag:h2|font_size:26px|text_align:center&#8220; use_theme_fonts=&#8220;yes&#8220; css=&#8220;&#8220;][vc_column_text css=&#8220;&#8220;]Die Fussreflexzonenmassage ist eine ganzheitliche Therapieform, die K\u00f6rper, Geist und Seele harmonisiert. Durch das Massieren von gezielten Druckpunkten an den F\u00fcssen werden die inneren Organe und verschiedene K\u00f6rperregionen stimuliert, da jede Zone am Fuss mit einem bestimmten K\u00f6rperteil verbunden ist. Diese Technik hilft, die Selbstheilungskr\u00e4fte des [&hellip;]<\/p>\n","protected":false},"author":1,"featured_media":0,"parent":0,"menu_order":0,"comment_status":"closed","ping_status":"closed","template":"template-home.php","meta":{"footnotes":""},"class_list":["post-1042","page","type-page","status-publish","hentry"],"_links":{"self":[{"href":"https:\/\/praxis-armonia.ch\/index.php?rest_route=\/wp\/v2\/pages\/1042","targetHints":{"allow":["GET"]}}],"collection":[{"href":"https:\/\/praxis-armonia.ch\/index.php?rest_route=\/wp\/v2\/pages"}],"about":[{"href":"https:\/\/praxis-armonia.ch\/index.php?rest_route=\/wp\/v2\/types\/page"}],"author":[{"embeddable":true,"href":"https:\/\/praxis-armonia.ch\/index.php?rest_route=\/wp\/v2\/users\/1"}],"replies":[{"embeddable":true,"href":"https:\/\/praxis-armonia.ch\/index.php?rest_route=%2Fwp%2Fv2%2Fcomments&post=1042"}],"version-history":[{"count":10,"href":"https:\/\/praxis-armonia.ch\/index.php?rest_route=\/wp\/v2\/pages\/1042\/revisions"}],"predecessor-version":[{"id":1561,"href":"https:\/\/praxis-armonia.ch\/index.php?rest_route=\/wp\/v2\/pages\/1042\/revisions\/1561"}],"wp:attachment":[{"href":"https:\/\/praxis-armonia.ch\/index.php?rest_route=%2Fwp%2Fv2%2Fmedia&parent=1042"}],"curies":[{"name":"wp","href":"https:\/\/api.w.org\/{rel}","templated":true}]}}