{"id":1108,"date":"2021-05-07T17:12:58","date_gmt":"2021-05-07T15:12:58","guid":{"rendered":"https:\/\/praxis-armonia.ch\/?page_id=1108"},"modified":"2025-12-16T14:32:35","modified_gmt":"2025-12-16T13:32:35","slug":"home-version-5-2","status":"publish","type":"page","link":"https:\/\/praxis-armonia.ch\/","title":{"rendered":"HOME ARMONIA"},"content":{"rendered":"<div class=\"wpb-content-wrapper\"><p>[vc_row][vc_column]\n\t\t\t\t<p class=\"rs-p-wp-fix\"><\/p>\n\t\t\t\t<sr7-module data-alias=\"homev1\" data-id=\"5\" id=\"SR7_5_1\" class=\"rs-ov-hidden\" data-version=\"6.7.20\">\n\t\t\t\t\t<sr7-adjuster><\/sr7-adjuster>\n\t\t\t\t\t<sr7-content>\n\t\t\t\t\t\t<sr7-slide id=\"SR7_5_1-30\" data-key=\"30\">\n\t\t\t\t\t\t\t<sr7-txt id=\"SR7_5_1-30-1\" class=\"sr7-layer\">WILLKOMMEN <\/sr7-txt>\n\t\t\t\t\t\t\t<sr7-txt id=\"SR7_5_1-30-2\" class=\"sr7-layer\">HOLISTISCHE BEHANDLUNGEN<\/sr7-txt>\n\t\t\t\t\t\t<\/sr7-slide>\n\t\t\t\t\t\t<sr7-slide id=\"SR7_5_1-19\" data-key=\"19\">\n\t\t\t\t\t\t<\/sr7-slide>\n\t\t\t\t\t<\/sr7-content>\n\t\t\t\t\t<image_lists style=\"display:none\">\n\t\t\t\t\t\t<img data-src=\"\/\/praxis-armonia.ch\/wp-content\/uploads\/2024\/10\/Praxis-Armonia_3_transparent-background-1536x971.png\" data-libid=\"686\" data-lib=\"medialibrary\" title=\"Logo weiss transparent\" width=\"0\" height=\"0\" data-dbsrc=\"Ly9wcmF4aXMtYXJtb25pYS5jaC93cC1jb250ZW50L3VwbG9hZHMvMjAyNC8xMC9QcmF4aXMtQXJtb25pYV8zX3RyYW5zcGFyZW50LWJhY2tncm91bmQtMTUzNng5NzEucG5n\"\/>\n\t\t\t\t\t<\/image_lists>\n\t\t\t\t<\/sr7-module>\n\t\t\t\t<script>\n\t\t\t\t\tSR7.PMH ??={}; SR7.PMH[\"SR7_5_1\"] = {cn:0,state:false,fn: function() { if (_tpt!==undefined && _tpt.prepareModuleHeight !== undefined) {  _tpt.prepareModuleHeight({id:\"SR7_5_1\",el:[868,868,768,960,600],type:'standard',shdw:'0',gh:[868,868,768,960,600],gw:[1240,1240,1024,778,480],vpt:['100px&#039;,&#039;100px&#039;,&#039;100px&#039;,&#039;100px&#039;,&#039;100px'],size:{fullWidth:true, fullHeight:true},fho:',60px',mh:'0',onh:0,onw:0,bg:{color:'{\"orig\":\"transparent\",\"type\":\"solid\",\"string\":\"transparent\"}'},plType:'-1',plColor:'#FFFFFF'});   SR7.PMH[\"SR7_5_1\"].state=true;} else if((SR7.PMH[\"SR7_5_1\"].cn++)<100)\tsetTimeout( SR7.PMH[\"SR7_5_1\"].fn,19);}};SR7.PMH[\"SR7_5_1\" ].fn();\n\t\t\t\t<\/script>\n[\/vc_column][\/vc_row][vc_row full_width=&#8220;stretch_row_content_no_spaces&#8220; equal_height=&#8220;yes&#8220; content_placement=&#8220;middle&#8220; bg_type=&#8220;bg_color&#8220; bg_override=&#8220;ex-full&#8220; bg_color_value=&#8220;#f2f2f2&#8243;][vc_column css_animation=&#8220;none&#8220; width=&#8220;1\/2&#8243;][vc_row_inner el_class=&#8220;mobile-text-left&#8220;][vc_column_inner width=&#8220;1\/6&#8243;][\/vc_column_inner][vc_column_inner width=&#8220;2\/3&#8243;]<div class=\"ult-spacer spacer-69f5970c92bd6\" data-id=\"69f5970c92bd6\" data-height=\"\" data-height-mobile=\"40\" data-height-tab=\"\" data-height-tab-portrait=\"\" data-height-mobile-landscape=\"40\" style=\"clear:both;display:block;\"><\/div>[vc_custom_heading text=&#8220;Schr\u00f6pfen&#8220; font_container=&#8220;tag:h2|text_align:center&#8220; use_theme_fonts=&#8220;yes&#8220; css=&#8220;&#8220;][vc_empty_space height=&#8220;20px&#8220;][vc_column_text css=&#8220;&#8220;]<\/p>\n<p style=\"text-align: center;\">Schr\u00f6pfen ist eine traditionelle Naturheilmethode, bei der durch Unterdruck in Schr\u00f6pfgl\u00e4sern die Durchblutung gef\u00f6rdert, der Stoffwechsel angeregt und Verspannungen gel\u00f6st werden. Es wirkt gezielt auf das darunterliegende Gewebe, unterst\u00fctzt die Entgiftung, st\u00e4rkt das Immunsystem und kann Beschwerden wie R\u00fcckenschmerzen, Verdauungsproblemen oder Stress lindern.<\/p>\n<p>[\/vc_column_text][vc_btn title=&#8220;Mehr lesen&#8220; style=&#8220;outline-custom&#8220; outline_custom_color=&#8220;#666666&#8243; outline_custom_hover_background=&#8220;#666666&#8243; outline_custom_hover_text=&#8220;#ffffff&#8220; shape=&#8220;square&#8220; size=&#8220;xs&#8220; align=&#8220;center&#8220; css=&#8220;&#8220; link=&#8220;url:https%3A%2F%2Fpraxis-armonia.ch%2F%3Fpage_id%3D1020|title:Schr%C3%B6pfen&#8220;]<span id=\"creative-link-wrap-9373\" class=\"ult_main_cl ult-adjust-bottom-margin style-ten  vc_custom_1742830433122\" >\n\t \t\t\t<span class=\"ult_cl_link_11  ult_crlink\" >\n\t\t\t\t\t<a  data-ultimate-target='#creative-link-wrap-9373 .ult_colorlink'  data-responsive-json-new='{\"font-size\":\"desktop:12px;\",\"line-height\":\"desktop:16px;\"}'  href=\"https:\/\/praxis-armonia.ch\/?page_id=704\" title=\"MORE ABOUT US\"  class=\"ult_colorlink ult-responsive \" style=\"font-family:Open Sans;font-weight:600; \"  data-textcolor=\"#ffffff\" data-texthover=\"#000000\"data-style=\"Style_11\">\n\t\t\t\t\t\t<span class=\"ult_link_top ult_btn11_link_top \" style=\"background:#008080;color:#000000;;padding-top: 10px !important;padding-right: 20px !important;padding-bottom: 10px !important;padding-left: 20px !important;\">Termin vereinbaren<\/span>\n\t\t\t\t\t\t<span data-hover=\"Termin vereinbaren\" style=\"color:#ffffff;;background:#000000;;padding-top: 10px !important;padding-right: 20px !important;padding-bottom: 10px !important;padding-left: 20px !important;\" class=\"ult_btn10_span   \">Termin vereinbaren<\/span>\n\t\t\t\t\t\t\n\t\t\t\t\t<\/a>\n\t\t\t\t<\/span>\n\t\t\t<\/span>[vc_empty_space height=&#8220;20px&#8220;]<div class=\"ult-spacer spacer-69f5970c92cdb\" data-id=\"69f5970c92cdb\" data-height=\"\" data-height-mobile=\"20\" data-height-tab=\"\" data-height-tab-portrait=\"\" data-height-mobile-landscape=\"20\" style=\"clear:both;display:block;\"><\/div>[\/vc_column_inner][vc_column_inner width=&#8220;1\/6&#8243;][\/vc_column_inner][\/vc_row_inner][\/vc_column][vc_column width=&#8220;1\/2&#8243;][vc_single_image image=&#8220;1289&#8243; img_size=&#8220;full&#8220; css=&#8220;&#8220;][\/vc_column][\/vc_row][vc_row full_width=&#8220;stretch_row_content_no_spaces&#8220; equal_height=&#8220;yes&#8220; content_placement=&#8220;middle&#8220; bg_type=&#8220;bg_color&#8220; bg_override=&#8220;ex-full&#8220; bg_color_value=&#8220;#d4e9e9&#8243;][vc_column width=&#8220;1\/2&#8243;]<div class=\"ult-spacer spacer-69f5970c92cea\" data-id=\"69f5970c92cea\" data-height=\"\" data-height-mobile=\"40\" data-height-tab=\"\" data-height-tab-portrait=\"\" data-height-mobile-landscape=\"40\" style=\"clear:both;display:block;\"><\/div>[vc_single_image image=&#8220;1287&#8243; img_size=&#8220;full&#8220; css=&#8220;&#8220;][\/vc_column][vc_column css_animation=&#8220;none&#8220; width=&#8220;1\/2&#8243;][vc_row_inner el_class=&#8220;mobile-text-left&#8220;][vc_column_inner width=&#8220;1\/6&#8243;][\/vc_column_inner][vc_column_inner width=&#8220;2\/3&#8243;]<div class=\"ult-spacer spacer-69f5970c92cf5\" data-id=\"69f5970c92cf5\" data-height=\"\" data-height-mobile=\"40\" data-height-tab=\"\" data-height-tab-portrait=\"\" data-height-mobile-landscape=\"40\" style=\"clear:both;display:block;\"><\/div>[vc_custom_heading text=&#8220;Massage der Fussreflexzonen&#8220; font_container=&#8220;tag:h2|text_align:center&#8220; use_theme_fonts=&#8220;yes&#8220; css=&#8220;&#8220;][vc_empty_space height=&#8220;20px&#8220;][vc_column_text css=&#8220;&#8220;]Die Fussreflexzonenmassage ist eine ganzheitliche Therapieform, die K\u00f6rper, Geist und Seele harmonisiert. Durch das Massieren von gezielten Druckpunkten an den F\u00fcssen werden die inneren Organe und verschiedene K\u00f6rperregionen stimuliert, da jede Zone am Fuss mit einem bestimmten K\u00f6rperteil verbunden ist. Diese Technik hilft, die Selbstheilungskr\u00e4fte des K\u00f6rpers zu aktivieren, Spannungen zu l\u00f6sen und das allgemeine Wohlbefinden zu f\u00f6rdern.[\/vc_column_text][vc_btn title=&#8220;Mehr lesen&#8220; style=&#8220;outline-custom&#8220; outline_custom_color=&#8220;#666666&#8243; outline_custom_hover_background=&#8220;#666666&#8243; outline_custom_hover_text=&#8220;#ffffff&#8220; shape=&#8220;square&#8220; size=&#8220;xs&#8220; align=&#8220;center&#8220; css=&#8220;&#8220; link=&#8220;url:https%3A%2F%2Fpraxis-armonia.ch%2F%3Fpage_id%3D1042|title:Fussreflexzonen-Massage&#8220;]<span id=\"creative-link-wrap-1016\" class=\"ult_main_cl ult-adjust-bottom-margin style-ten  vc_custom_1742830411453\" >\n\t \t\t\t<span class=\"ult_cl_link_11  ult_crlink\" >\n\t\t\t\t\t<a  data-ultimate-target='#creative-link-wrap-1016 .ult_colorlink'  data-responsive-json-new='{\"font-size\":\"desktop:12px;\",\"line-height\":\"desktop:16px;\"}'  href=\"https:\/\/praxis-armonia.ch\/?page_id=704\" title=\"MORE ABOUT US\"  class=\"ult_colorlink ult-responsive \" style=\"font-family:Open Sans;font-weight:600; \"  data-textcolor=\"#ffffff\" data-texthover=\"#000000\"data-style=\"Style_11\">\n\t\t\t\t\t\t<span class=\"ult_link_top ult_btn11_link_top \" style=\"background:#008080;color:#000000;;padding-top: 10px !important;padding-right: 20px !important;padding-bottom: 10px !important;padding-left: 20px !important;\">Termin vereinbaren<\/span>\n\t\t\t\t\t\t<span data-hover=\"Termin vereinbaren\" style=\"color:#ffffff;;background:#000000;;padding-top: 10px !important;padding-right: 20px !important;padding-bottom: 10px !important;padding-left: 20px !important;\" class=\"ult_btn10_span   \">Termin vereinbaren<\/span>\n\t\t\t\t\t\t\n\t\t\t\t\t<\/a>\n\t\t\t\t<\/span>\n\t\t\t<\/span>[vc_empty_space height=&#8220;20px&#8220;]<div class=\"ult-spacer spacer-69f5970c92d30\" data-id=\"69f5970c92d30\" data-height=\"\" data-height-mobile=\"20\" data-height-tab=\"\" data-height-tab-portrait=\"\" data-height-mobile-landscape=\"20\" style=\"clear:both;display:block;\"><\/div>[\/vc_column_inner][vc_column_inner width=&#8220;1\/6&#8243;][\/vc_column_inner][\/vc_row_inner][\/vc_column][\/vc_row][vc_row full_width=&#8220;stretch_row_content_no_spaces&#8220; equal_height=&#8220;yes&#8220; content_placement=&#8220;middle&#8220; bg_type=&#8220;bg_color&#8220; bg_override=&#8220;ex-full&#8220; bg_color_value=&#8220;#f2f2f2&#8243;][vc_column css_animation=&#8220;none&#8220; width=&#8220;1\/2&#8243;][vc_row_inner el_class=&#8220;mobile-text-left&#8220;][vc_column_inner width=&#8220;1\/6&#8243;][\/vc_column_inner][vc_column_inner width=&#8220;2\/3&#8243;]<div class=\"ult-spacer spacer-69f5970c92d3b\" data-id=\"69f5970c92d3b\" data-height=\"\" data-height-mobile=\"40\" data-height-tab=\"\" data-height-tab-portrait=\"\" data-height-mobile-landscape=\"40\" style=\"clear:both;display:block;\"><\/div>[vc_custom_heading text=&#8220;Wirbels\u00e4ulentechnik&#8220; font_container=&#8220;tag:h2|text_align:center&#8220; use_theme_fonts=&#8220;yes&#8220; css=&#8220;&#8220;][vc_empty_space height=&#8220;20px&#8220;][vc_column_text css=&#8220;&#8220;]<\/p>\n<p style=\"text-align: center;\">Die TRISANA Wirbels\u00e4ulentechnik (TWT) ist eine sanfte, ganzheitliche Methode zur Korrektur von Wirbels\u00e4ulenfehlstellungen, die durch gezielte Impulse Blockaden l\u00f6st, die Beweglichkeit f\u00f6rdert und das Nervensystem unterst\u00fctzt. Sie wirkt nicht nur auf den Bewegungsapparat, sondern verbessert auch die Zirkulation der R\u00fcckenmarksfl\u00fcssigkeit (Liquor), was zur Aktivierung der Selbstheilungskr\u00e4fte und zur Entlastung des gesamten K\u00f6rpers beitr\u00e4gt.<\/p>\n<p>[\/vc_column_text][vc_btn title=&#8220;Mehr lesen&#8220; style=&#8220;outline-custom&#8220; outline_custom_color=&#8220;#666666&#8243; outline_custom_hover_background=&#8220;#666666&#8243; outline_custom_hover_text=&#8220;#ffffff&#8220; shape=&#8220;square&#8220; size=&#8220;xs&#8220; align=&#8220;center&#8220; css=&#8220;&#8220; link=&#8220;url:https%3A%2F%2Fpraxis-armonia.ch%2F%3Fportfolio%3Dwirbelsaeulen-technik|title:Wirbels%C3%A4ulen-Technik&#8220;]<span id=\"creative-link-wrap-7247\" class=\"ult_main_cl ult-adjust-bottom-margin style-ten  vc_custom_1742830180940\" >\n\t \t\t\t<span class=\"ult_cl_link_11  ult_crlink\" >\n\t\t\t\t\t<a  data-ultimate-target='#creative-link-wrap-7247 .ult_colorlink'  data-responsive-json-new='{\"font-size\":\"desktop:12px;\",\"line-height\":\"desktop:16px;\"}'  href=\"https:\/\/praxis-armonia.ch\/?page_id=704\" title=\"MORE ABOUT US\"  class=\"ult_colorlink ult-responsive \" style=\"font-family:Open Sans;font-weight:600; \"  data-textcolor=\"#ffffff\" data-texthover=\"#000000\"data-style=\"Style_11\">\n\t\t\t\t\t\t<span class=\"ult_link_top ult_btn11_link_top \" style=\"background:#008080;color:#000000;;padding-top: 10px !important;padding-right: 20px !important;padding-bottom: 10px !important;padding-left: 20px !important;\">Termin vereinbaren<\/span>\n\t\t\t\t\t\t<span data-hover=\"Termin vereinbaren\" style=\"color:#ffffff;;background:#000000;;padding-top: 10px !important;padding-right: 20px !important;padding-bottom: 10px !important;padding-left: 20px !important;\" class=\"ult_btn10_span   \">Termin vereinbaren<\/span>\n\t\t\t\t\t\t\n\t\t\t\t\t<\/a>\n\t\t\t\t<\/span>\n\t\t\t<\/span>[vc_empty_space height=&#8220;20px&#8220;]<div class=\"ult-spacer spacer-69f5970c92d68\" data-id=\"69f5970c92d68\" data-height=\"\" data-height-mobile=\"20\" data-height-tab=\"\" data-height-tab-portrait=\"\" data-height-mobile-landscape=\"20\" style=\"clear:both;display:block;\"><\/div>[\/vc_column_inner][vc_column_inner width=&#8220;1\/6&#8243;][\/vc_column_inner][\/vc_row_inner][\/vc_column][vc_column width=&#8220;1\/2&#8243;]<div class=\"ult-spacer spacer-69f5970c92d72\" data-id=\"69f5970c92d72\" data-height=\"\" data-height-mobile=\"40\" data-height-tab=\"\" data-height-tab-portrait=\"\" data-height-mobile-landscape=\"40\" style=\"clear:both;display:block;\"><\/div>[vc_single_image image=&#8220;1288&#8243; img_size=&#8220;full&#8220; css=&#8220;&#8220;][\/vc_column][\/vc_row][vc_row full_width=&#8220;stretch_row_content_no_spaces&#8220; equal_height=&#8220;yes&#8220; content_placement=&#8220;middle&#8220; bg_type=&#8220;bg_color&#8220; bg_override=&#8220;ex-full&#8220; bg_color_value=&#8220;#d4e9e9&#8243;][vc_column width=&#8220;1\/2&#8243;]<div class=\"ult-spacer spacer-69f5970c92d7b\" data-id=\"69f5970c92d7b\" data-height=\"\" data-height-mobile=\"40\" data-height-tab=\"\" data-height-tab-portrait=\"\" data-height-mobile-landscape=\"40\" style=\"clear:both;display:block;\"><\/div>[vc_single_image image=&#8220;1286&#8243; img_size=&#8220;full&#8220; css=&#8220;&#8220;][\/vc_column][vc_column css_animation=&#8220;none&#8220; width=&#8220;1\/2&#8243;][vc_row_inner el_class=&#8220;mobile-text-left&#8220;][vc_column_inner width=&#8220;1\/6&#8243;][\/vc_column_inner][vc_column_inner width=&#8220;2\/3&#8243;]<div class=\"ult-spacer spacer-69f5970c92d83\" data-id=\"69f5970c92d83\" data-height=\"\" data-height-mobile=\"40\" data-height-tab=\"\" data-height-tab-portrait=\"\" data-height-mobile-landscape=\"40\" style=\"clear:both;display:block;\"><\/div>[vc_custom_heading text=&#8220;Sch\u00fcssler Salze&#8220; font_container=&#8220;tag:h2|text_align:center&#8220; use_theme_fonts=&#8220;yes&#8220; css=&#8220;&#8220;][vc_empty_space height=&#8220;20px&#8220;][vc_column_text css=&#8220;&#8220;]<\/p>\n<p style=\"text-align: center;\">Sch\u00fcssler Salze sind eine naturheilkundliche Methode, die den Mineralstoffhaushalt auf zellul\u00e4rer Ebene regulieren und die Selbstheilungskr\u00e4fte aktivieren. Mithilfe von Antlitzdiagnostik k\u00f6nnen individuelle Mineralstoffm\u00e4ngel erkannt und gezielt ausgeglichen werden, um Beschwerden wie Stress, Hautprobleme, Verdauungsst\u00f6rungen oder Muskelverspannungen zu lindern.<\/p>\n<p>[\/vc_column_text][vc_btn title=&#8220;Mehr lesen&#8220; style=&#8220;outline-custom&#8220; outline_custom_color=&#8220;#666666&#8243; outline_custom_hover_background=&#8220;#666666&#8243; outline_custom_hover_text=&#8220;#ffffff&#8220; shape=&#8220;square&#8220; size=&#8220;xs&#8220; align=&#8220;center&#8220; css=&#8220;&#8220; link=&#8220;url:https%3A%2F%2Fpraxis-armonia.ch%2F%3Fpage_id%3D1059|title:Sch%C3%BCsslersalze&#8220;]<span id=\"creative-link-wrap-5768\" class=\"ult_main_cl ult-adjust-bottom-margin style-ten  vc_custom_1742830196320\" >\n\t \t\t\t<span class=\"ult_cl_link_11  ult_crlink\" >\n\t\t\t\t\t<a  data-ultimate-target='#creative-link-wrap-5768 .ult_colorlink'  data-responsive-json-new='{\"font-size\":\"desktop:12px;\",\"line-height\":\"desktop:16px;\"}'  href=\"https:\/\/praxis-armonia.ch\/?page_id=704\" title=\"MORE ABOUT US\"  class=\"ult_colorlink ult-responsive \" style=\"font-family:Open Sans;font-weight:600; \"  data-textcolor=\"#ffffff\" data-texthover=\"#000000\"data-style=\"Style_11\">\n\t\t\t\t\t\t<span class=\"ult_link_top ult_btn11_link_top \" style=\"background:#008080;color:#000000;;padding-top: 10px !important;padding-right: 20px !important;padding-bottom: 10px !important;padding-left: 20px !important;\">Termin vereinbaren<\/span>\n\t\t\t\t\t\t<span data-hover=\"Termin vereinbaren\" style=\"color:#ffffff;;background:#000000;;padding-top: 10px !important;padding-right: 20px !important;padding-bottom: 10px !important;padding-left: 20px !important;\" class=\"ult_btn10_span   \">Termin vereinbaren<\/span>\n\t\t\t\t\t\t\n\t\t\t\t\t<\/a>\n\t\t\t\t<\/span>\n\t\t\t<\/span>[vc_empty_space height=&#8220;20px&#8220;]<div class=\"ult-spacer spacer-69f5970c92dab\" data-id=\"69f5970c92dab\" data-height=\"\" data-height-mobile=\"20\" data-height-tab=\"\" data-height-tab-portrait=\"\" data-height-mobile-landscape=\"20\" style=\"clear:both;display:block;\"><\/div>[\/vc_column_inner][vc_column_inner width=&#8220;1\/6&#8243;][\/vc_column_inner][\/vc_row_inner][\/vc_column][\/vc_row][vc_row full_width=&#8220;stretch_row_content_no_spaces&#8220; equal_height=&#8220;yes&#8220; content_placement=&#8220;middle&#8220; bg_type=&#8220;bg_color&#8220; bg_override=&#8220;ex-full&#8220; bg_color_value=&#8220;#f2f2f2&#8243;][vc_column width=&#8220;1\/2&#8243;][vc_row_inner el_class=&#8220;mobile-text-left&#8220;][vc_column_inner width=&#8220;1\/6&#8243;][\/vc_column_inner][vc_column_inner width=&#8220;2\/3&#8243;]<div class=\"ult-spacer spacer-69f5970c92db4\" data-id=\"69f5970c92db4\" data-height=\"\" data-height-mobile=\"40\" data-height-tab=\"\" data-height-tab-portrait=\"\" data-height-mobile-landscape=\"40\" style=\"clear:both;display:block;\"><\/div>[vc_custom_heading text=&#8220;Aufstellungen&#8220; font_container=&#8220;tag:h2|text_align:center&#8220; use_theme_fonts=&#8220;yes&#8220; css=&#8220;&#8220;][vc_empty_space height=&#8220;20px&#8220;][vc_column_text css=&#8220;&#8220;]<\/p>\n<p style=\"text-align: center;\">Die systemische Aufstellungsarbeit macht verborgene Dynamiken in Beziehungen und Systemen sichtbar, um Blockaden zu l\u00f6sen und neue Perspektiven zu er\u00f6ffnen. Mithilfe von Stellvertretern oder Figuren werden unbewusste Muster und Verstrickungen erkannt, die das Wohlbefinden und die Beziehungen beeinflussen, w\u00e4hrend L\u00f6sungswege f\u00fcr pers\u00f6nliche, famili\u00e4re oder berufliche Anliegen erarbeitet werden.<\/p>\n<p>[\/vc_column_text][vc_btn title=&#8220;Mehr lesen&#8220; style=&#8220;outline-custom&#8220; outline_custom_color=&#8220;#666666&#8243; outline_custom_hover_background=&#8220;#666666&#8243; outline_custom_hover_text=&#8220;#ffffff&#8220; shape=&#8220;square&#8220; size=&#8220;xs&#8220; align=&#8220;center&#8220; css=&#8220;&#8220; link=&#8220;url:https%3A%2F%2Fpraxis-armonia.ch%2F|title:Sch%C3%BCssler%20Salze&#8220;]<span id=\"creative-link-wrap-7264\" class=\"ult_main_cl ult-adjust-bottom-margin style-ten  vc_custom_1742830209760\" >\n\t \t\t\t<span class=\"ult_cl_link_11  ult_crlink\" >\n\t\t\t\t\t<a  data-ultimate-target='#creative-link-wrap-7264 .ult_colorlink'  data-responsive-json-new='{\"font-size\":\"desktop:12px;\",\"line-height\":\"desktop:16px;\"}'  href=\"https:\/\/praxis-armonia.ch\/?page_id=704\" title=\"MORE ABOUT US\"  class=\"ult_colorlink ult-responsive \" style=\"font-family:Open Sans;font-weight:600; \"  data-textcolor=\"#ffffff\" data-texthover=\"#000000\"data-style=\"Style_11\">\n\t\t\t\t\t\t<span class=\"ult_link_top ult_btn11_link_top \" style=\"background:#008080;color:#000000;;padding-top: 10px !important;padding-right: 20px !important;padding-bottom: 10px !important;padding-left: 20px !important;\">Termin vereinbaren<\/span>\n\t\t\t\t\t\t<span data-hover=\"Termin vereinbaren\" style=\"color:#ffffff;;background:#000000;;padding-top: 10px !important;padding-right: 20px !important;padding-bottom: 10px !important;padding-left: 20px !important;\" class=\"ult_btn10_span   \">Termin vereinbaren<\/span>\n\t\t\t\t\t\t\n\t\t\t\t\t<\/a>\n\t\t\t\t<\/span>\n\t\t\t<\/span>[vc_empty_space height=&#8220;20px&#8220;]<div class=\"ult-spacer spacer-69f5970c92ddc\" data-id=\"69f5970c92ddc\" data-height=\"\" data-height-mobile=\"20\" data-height-tab=\"\" data-height-tab-portrait=\"\" data-height-mobile-landscape=\"20\" style=\"clear:both;display:block;\"><\/div>[\/vc_column_inner][vc_column_inner width=&#8220;1\/6&#8243;][\/vc_column_inner][\/vc_row_inner][\/vc_column][vc_column css_animation=&#8220;none&#8220; width=&#8220;1\/2&#8243;]<div class=\"ult-spacer spacer-69f5970c92de3\" data-id=\"69f5970c92de3\" data-height=\"\" data-height-mobile=\"40\" data-height-tab=\"\" data-height-tab-portrait=\"\" data-height-mobile-landscape=\"40\" style=\"clear:both;display:block;\"><\/div>[vc_single_image image=&#8220;1034&#8243; img_size=&#8220;full&#8220; css=&#8220;&#8220;][\/vc_column][\/vc_row][vc_row full_width=&#8220;stretch_row_content_no_spaces&#8220; equal_height=&#8220;yes&#8220; content_placement=&#8220;middle&#8220; bg_type=&#8220;bg_color&#8220; bg_override=&#8220;ex-full&#8220; bg_color_value=&#8220;#d4e9e9&#8243;][vc_column width=&#8220;1\/2&#8243;]<div class=\"ult-spacer spacer-69f5970c92dea\" data-id=\"69f5970c92dea\" data-height=\"\" data-height-mobile=\"40\" data-height-tab=\"\" data-height-tab-portrait=\"\" data-height-mobile-landscape=\"40\" style=\"clear:both;display:block;\"><\/div>[vc_single_image image=&#8220;1474&#8243; img_size=&#8220;full&#8220; css=&#8220;&#8220;][\/vc_column][vc_column css_animation=&#8220;none&#8220; width=&#8220;1\/2&#8243;][vc_row_inner el_class=&#8220;mobile-text-left&#8220;][vc_column_inner width=&#8220;1\/6&#8243;][\/vc_column_inner][vc_column_inner width=&#8220;2\/3&#8243;]<div class=\"ult-spacer spacer-69f5970c92df1\" data-id=\"69f5970c92df1\" data-height=\"\" data-height-mobile=\"40\" data-height-tab=\"\" data-height-tab-portrait=\"\" data-height-mobile-landscape=\"40\" style=\"clear:both;display:block;\"><\/div>[vc_custom_heading text=&#8220;Ohrakupunktur&#8220; font_container=&#8220;tag:h2|text_align:center&#8220; use_theme_fonts=&#8220;yes&#8220; css=&#8220;&#8220;][vc_empty_space height=&#8220;20px&#8220;][vc_column_text css=&#8220;&#8220;]<\/p>\n<p style=\"text-align: center;\">Die Ohrakupunktur ist eine naturheilkundliche Methode, die das Zusammenspiel von Organen, Nerven und Energiebahnen harmonisiert und die Selbstheilungskr\u00e4fte aktiviert. Durch gezielte Stimulation von Akupunkturpunkten am Ohr k\u00f6nnen Blockaden gel\u00f6st und Beschwerden gelindert werden. Das Ohr dient dabei als Mikrosystem, das \u00fcber die Behandlung spezifischer Punkte einen positiven Einfluss auf den gesamten Organismus erm\u00f6glicht.<\/p>\n<p>[\/vc_column_text][vc_btn title=&#8220;Mehr lesen&#8220; style=&#8220;outline-custom&#8220; outline_custom_color=&#8220;#666666&#8243; outline_custom_hover_background=&#8220;#666666&#8243; outline_custom_hover_text=&#8220;#ffffff&#8220; shape=&#8220;square&#8220; size=&#8220;xs&#8220; align=&#8220;center&#8220; css=&#8220;&#8220; link=&#8220;url:https%3A%2F%2Fpraxis-armonia.ch%2F%3Fpage_id%3D1478|title:Sch%C3%BCsslersalze&#8220;]<span id=\"creative-link-wrap-6742\" class=\"ult_main_cl ult-adjust-bottom-margin style-ten  vc_custom_1737989783308\" >\n\t \t\t\t<span class=\"ult_cl_link_11  ult_crlink\" >\n\t\t\t\t\t<a  data-ultimate-target='#creative-link-wrap-6742 .ult_colorlink'  data-responsive-json-new='{\"font-size\":\"desktop:12px;\",\"line-height\":\"desktop:16px;\"}'  href=\"https:\/\/praxis-armonia.ch\/?page_id=704\" title=\"MORE ABOUT US\"  class=\"ult_colorlink ult-responsive \" style=\"font-family:Open Sans;font-weight:600; \"  data-textcolor=\"#ffffff\" data-texthover=\"#000000\"data-style=\"Style_11\">\n\t\t\t\t\t\t<span class=\"ult_link_top ult_btn11_link_top \" style=\"background:#008080;color:#000000;;padding-top: 10px !important;padding-right: 20px !important;padding-bottom: 10px !important;padding-left: 20px !important;\">Termin vereinbaren<\/span>\n\t\t\t\t\t\t<span data-hover=\"Termin vereinbaren\" style=\"color:#ffffff;;background:#000000;;padding-top: 10px !important;padding-right: 20px !important;padding-bottom: 10px !important;padding-left: 20px !important;\" class=\"ult_btn10_span   \">Termin vereinbaren<\/span>\n\t\t\t\t\t\t\n\t\t\t\t\t<\/a>\n\t\t\t\t<\/span>\n\t\t\t<\/span>[vc_empty_space height=&#8220;20px&#8220;]<div class=\"ult-spacer spacer-69f5970c92e14\" data-id=\"69f5970c92e14\" data-height=\"\" data-height-mobile=\"20\" data-height-tab=\"\" data-height-tab-portrait=\"\" data-height-mobile-landscape=\"20\" style=\"clear:both;display:block;\"><\/div>[\/vc_column_inner][vc_column_inner width=&#8220;1\/6&#8243;][\/vc_column_inner][\/vc_row_inner][\/vc_column][\/vc_row]<\/p>\n<\/div>","protected":false},"excerpt":{"rendered":"<p>[vc_row][vc_column][\/vc_column][\/vc_row][vc_row full_width=&#8220;stretch_row_content_no_spaces&#8220; equal_height=&#8220;yes&#8220; content_placement=&#8220;middle&#8220; bg_type=&#8220;bg_color&#8220; bg_override=&#8220;ex-full&#8220; bg_color_value=&#8220;#f2f2f2&#8243;][vc_column css_animation=&#8220;none&#8220; width=&#8220;1\/2&#8243;][vc_row_inner el_class=&#8220;mobile-text-left&#8220;][vc_column_inner width=&#8220;1\/6&#8243;][\/vc_column_inner][vc_column_inner width=&#8220;2\/3&#8243;][vc_custom_heading text=&#8220;Schr\u00f6pfen&#8220; font_container=&#8220;tag:h2|text_align:center&#8220; use_theme_fonts=&#8220;yes&#8220; css=&#8220;&#8220;][vc_empty_space height=&#8220;20px&#8220;][vc_column_text css=&#8220;&#8220;] Schr\u00f6pfen ist eine traditionelle Naturheilmethode, bei der durch Unterdruck in Schr\u00f6pfgl\u00e4sern die Durchblutung gef\u00f6rdert, der Stoffwechsel angeregt und Verspannungen gel\u00f6st werden. Es wirkt gezielt auf das darunterliegende Gewebe, unterst\u00fctzt die Entgiftung, st\u00e4rkt das Immunsystem und kann Beschwerden [&hellip;]<\/p>\n","protected":false},"author":1,"featured_media":0,"parent":0,"menu_order":0,"comment_status":"closed","ping_status":"closed","template":"template-home.php","meta":{"footnotes":""},"class_list":["post-1108","page","type-page","status-publish","hentry"],"_links":{"self":[{"href":"https:\/\/praxis-armonia.ch\/index.php?rest_route=\/wp\/v2\/pages\/1108","targetHints":{"allow":["GET"]}}],"collection":[{"href":"https:\/\/praxis-armonia.ch\/index.php?rest_route=\/wp\/v2\/pages"}],"about":[{"href":"https:\/\/praxis-armonia.ch\/index.php?rest_route=\/wp\/v2\/types\/page"}],"author":[{"embeddable":true,"href":"https:\/\/praxis-armonia.ch\/index.php?rest_route=\/wp\/v2\/users\/1"}],"replies":[{"embeddable":true,"href":"https:\/\/praxis-armonia.ch\/index.php?rest_route=%2Fwp%2Fv2%2Fcomments&post=1108"}],"version-history":[{"count":39,"href":"https:\/\/praxis-armonia.ch\/index.php?rest_route=\/wp\/v2\/pages\/1108\/revisions"}],"predecessor-version":[{"id":1572,"href":"https:\/\/praxis-armonia.ch\/index.php?rest_route=\/wp\/v2\/pages\/1108\/revisions\/1572"}],"wp:attachment":[{"href":"https:\/\/praxis-armonia.ch\/index.php?rest_route=%2Fwp%2Fv2%2Fmedia&parent=1108"}],"curies":[{"name":"wp","href":"https:\/\/api.w.org\/{rel}","templated":true}]}}