{"id":1478,"date":"2021-04-30T18:00:03","date_gmt":"2021-04-30T16:00:03","guid":{"rendered":"https:\/\/praxis-armonia.ch\/?page_id=1478"},"modified":"2025-12-02T21:01:38","modified_gmt":"2025-12-02T20:01:38","slug":"home-2-2-4-3","status":"publish","type":"page","link":"https:\/\/praxis-armonia.ch\/?page_id=1478","title":{"rendered":"Ohrakupunktur"},"content":{"rendered":"<div class=\"wpb-content-wrapper\"><p>[vc_row][vc_column][rev_slider_vc alias=&#8220;homev1&#8243;][vc_empty_space height=&#8220;80px&#8220;][\/vc_column][\/vc_row][vc_row][vc_column width=&#8220;1\/4&#8243;][\/vc_column][vc_column width=&#8220;1\/2&#8243;][vc_custom_heading text=&#8220;Ohrakupunktur&#8220; font_container=&#8220;tag:h2|font_size:26px|text_align:center&#8220; use_theme_fonts=&#8220;yes&#8220; css=&#8220;&#8220;][vc_column_text css=&#8220;&#8220;]Die Ohrakupunktur ist eine naturheilkundliche Methode, die das Zusammenspiel von Organen, Nerven und Energiebahnen harmonisiert und die Selbstheilungskr\u00e4fte aktiviert. Durch gezielte Stimulation von Akupunkturpunkten am Ohr k\u00f6nnen Blockaden gel\u00f6st und Beschwerden gelindert werden. Das Ohr dient dabei als Mikrosystem, das \u00fcber die Behandlung spezifischer Punkte einen positiven Einfluss auf den gesamten Organismus erm\u00f6glicht.[\/vc_column_text][vc_empty_space height=&#8220;40px&#8220;][vc_single_image image=&#8220;1474&#8243; img_size=&#8220;full&#8220; css=&#8220;&#8220;][vc_empty_space height=&#8220;40px&#8220;]<span id=\"creative-link-wrap-1717\" class=\"ult_main_cl ult-adjust-bottom-margin style-ten  vc_custom_1735922113475\" >\n\t \t\t\t<span class=\"ult_cl_link_11  ult_crlink\" >\n\t\t\t\t\t<a  data-ultimate-target='#creative-link-wrap-1717 .ult_colorlink'  data-responsive-json-new='{\"font-size\":\"desktop:12px;\",\"line-height\":\"desktop:16px;\"}'  href=\"https:\/\/praxis-armonia.ch\/?page_id=704\" title=\"Termin vereinbaren\"  class=\"ult_colorlink ult-responsive \" style=\"font-family:Open Sans;font-weight:600; \"  data-textcolor=\"#ffffff\" data-texthover=\"#000000\"data-style=\"Style_11\">\n\t\t\t\t\t\t<span class=\"ult_link_top ult_btn11_link_top \" style=\"background:#008080;color:#000000;;padding-top: 10px !important;padding-right: 20px !important;padding-bottom: 10px !important;padding-left: 20px !important;\">Termin vereinbaren<\/span>\n\t\t\t\t\t\t<span data-hover=\"Termin vereinbaren\" style=\"color:#ffffff;;background:#000000;;padding-top: 10px !important;padding-right: 20px !important;padding-bottom: 10px !important;padding-left: 20px !important;\" class=\"ult_btn10_span   \">Termin vereinbaren<\/span>\n\t\t\t\t\t\t\n\t\t\t\t\t<\/a>\n\t\t\t\t<\/span>\n\t\t\t<\/span>[vc_empty_space height=&#8220;40px&#8220;][\/vc_column][vc_column width=&#8220;1\/4&#8243;][\/vc_column][\/vc_row][vc_row bg_type=&#8220;bg_color&#8220; bg_override=&#8220;ex-full&#8220; css=&#8220;.vc_custom_1734355914592{padding-top: 120px !important;padding-bottom: 100px !important;}&#8220; bg_color_value=&#8220;#d4e9e9&#8243;][vc_column css_animation=&#8220;slideInUp&#8220; width=&#8220;1\/4&#8243; css=&#8220;.vc_custom_1497199728369{padding-right: 25px !important;padding-left: 25px !important;}&#8220;][\/vc_column][vc_column css_animation=&#8220;none&#8220; width=&#8220;1\/2&#8243; css=&#8220;.vc_custom_1733340176151{padding-right: 25px !important;padding-left: 25px !important;}&#8220;][vc_custom_heading text=&#8220;Behandlung mit Ohrakupunktur&#8220; font_container=&#8220;tag:h3|font_size:26px|text_align:center&#8220; use_theme_fonts=&#8220;yes&#8220; css=&#8220;&#8220;][vc_empty_space height=&#8220;40px&#8220;][vc_column_text css=&#8220;&#8220;]Die Ohrakupunktur ist eine ganzheitliche Therapieform, die K\u00f6rper, Geist und Seele harmonisiert. Durch die gezielte Stimulation von Akupunkturpunkten am Ohr werden innere Organe und K\u00f6rperregionen positiv beeinflusst, da das Ohr als Mikrosystem den gesamten K\u00f6rper widerspiegelt. Diese Technik hilft, die Selbstheilungskr\u00e4fte zu aktivieren, Spannungen zu l\u00f6sen und das allgemeine Wohlbefinden zu f\u00f6rdern.<\/p>\n<p>In der Naturheilpraxis setzen wir die Ohrakupunktur ein, um Blockaden zu l\u00f6sen, die Energie im K\u00f6rper auszugleichen und einen ganzheitlichen Heilungsprozess anzusto\u00dfen. Sie ist besonders hilfreich bei Beschwerden wie Schmerzen, Stress, Schlafproblemen oder hormonellen Ungleichgewichten und unterst\u00fctzt durch ihre beruhigende Wirkung auf nat\u00fcrliche Weise.<\/p>\n<p>Die Ohrakupunktur kann bei einer Vielzahl von Symptomen und Beschwerden unterst\u00fctzend wirken und wird h\u00e4ufig zur F\u00f6rderung der Heilung sowie zur Schmerzlinderung eingesetzt. Sie kann insbesondere bei folgenden Symptomen und Krankheitsbildern wirksam sein:[\/vc_column_text]<div class=\"aio-icon-component    style_1\"><a class=\"aio-icon-box-link\" ><div id=\"Info-box-wrap-4564\" class=\"aio-icon-box top-icon\" style=\"\"  ><div class=\"aio-icon-top\"><div class=\"ult-just-icon-wrapper  \"><div class=\"align-icon\" style=\"text-align:center;\">\n<div class=\"aio-icon none \"  style=\"color:#333;font-size:30px;display:inline-block;\">\n\t<i class=\"Defaults-bolt flash\"><\/i>\n<\/div><\/div><\/div><\/div><div class=\"aio-icon-header\" ><h3 class=\"aio-icon-title ult-responsive\"  data-ultimate-target='#Info-box-wrap-4564 .aio-icon-title'  data-responsive-json-new='{\"font-size\":\"desktop:13px;\",\"line-height\":\"\"}'  style=\"font-family:&#039;Open Sans&#039;;font-weight:700;color:#3f3f3f;\">Stress und innere Unruhe<\/h3><\/div> <!-- header --><div class=\"aio-icon-description ult-responsive\"  data-ultimate-target='#Info-box-wrap-4564 .aio-icon-description'  data-responsive-json-new='{\"font-size\":\"\",\"line-height\":\"\"}'  style=\"\">Ohrakupunktur hilft, k\u00f6rperliche und emotionale Spannungen abzubauen und unterst\u00fctzt bei Schlafst\u00f6rungen, Nervosit\u00e4t und Burnout-Symptomen.<\/div> <!-- description --><\/div> <!-- aio-icon-box --><\/a><\/div> <!-- aio-icon-component --><div class=\"aio-icon-component    style_1\"><a class=\"aio-icon-box-link\" ><div id=\"Info-box-wrap-6329\" class=\"aio-icon-box top-icon\" style=\"\"  ><div class=\"aio-icon-top\"><div class=\"ult-just-icon-wrapper  \"><div class=\"align-icon\" style=\"text-align:center;\">\n<div class=\"aio-icon none \"  style=\"color:#333;font-size:30px;display:inline-block;\">\n\t<i class=\"Defaults-exclamation-triangle warning\"><\/i>\n<\/div><\/div><\/div><\/div><div class=\"aio-icon-header\" ><h3 class=\"aio-icon-title ult-responsive\"  data-ultimate-target='#Info-box-wrap-6329 .aio-icon-title'  data-responsive-json-new='{\"font-size\":\"desktop:13px;\",\"line-height\":\"\"}'  style=\"font-family:&#039;Open Sans&#039;;font-weight:700;color:#3f3f3f;\">Schmerzen<\/h3><\/div> <!-- header --><div class=\"aio-icon-description ult-responsive\"  data-ultimate-target='#Info-box-wrap-6329 .aio-icon-description'  data-responsive-json-new='{\"font-size\":\"\",\"line-height\":\"\"}'  style=\"\">Linderung von akuten und chronischen Schmerzen, wie z. B. Kopfschmerzen, Migr\u00e4ne, R\u00fcckenschmerzen oder Gelenkbeschwerden.<\/div> <!-- description --><\/div> <!-- aio-icon-box --><\/a><\/div> <!-- aio-icon-component --><div class=\"aio-icon-component    style_1\"><a class=\"aio-icon-box-link\" ><div id=\"Info-box-wrap-5676\" class=\"aio-icon-box top-icon\" style=\"\"  ><div class=\"aio-icon-top\"><div class=\"ult-just-icon-wrapper  \"><div class=\"align-icon\" style=\"text-align:center;\">\n<div class=\"aio-icon none \"  style=\"color:#333;font-size:30px;display:inline-block;\">\n\t<i class=\"Defaults-stethoscope\"><\/i>\n<\/div><\/div><\/div><\/div><div class=\"aio-icon-header\" ><h3 class=\"aio-icon-title ult-responsive\"  data-ultimate-target='#Info-box-wrap-5676 .aio-icon-title'  data-responsive-json-new='{\"font-size\":\"desktop:13px;\",\"line-height\":\"\"}'  style=\"font-family:&#039;Open Sans&#039;;font-weight:700;color:#3f3f3f;\">Verdauungsbeschwerden<\/h3><\/div> <!-- header --><div class=\"aio-icon-description ult-responsive\"  data-ultimate-target='#Info-box-wrap-5676 .aio-icon-description'  data-responsive-json-new='{\"font-size\":\"\",\"line-height\":\"\"}'  style=\"\">Ohrakupunktur f\u00f6rdert eine gesunde Verdauung und hilft bei Beschwerden wie Reizdarmsyndrom, Bl\u00e4hungen oder Magenbeschwerden.<\/div> <!-- description --><\/div> <!-- aio-icon-box --><\/a><\/div> <!-- aio-icon-component --><div class=\"aio-icon-component    style_1\"><a class=\"aio-icon-box-link\" ><div id=\"Info-box-wrap-9870\" class=\"aio-icon-box top-icon\" style=\"\"  ><div class=\"aio-icon-top\"><div class=\"ult-just-icon-wrapper  \"><div class=\"align-icon\" style=\"text-align:center;\">\n<div class=\"aio-icon none \"  style=\"color:#333;font-size:30px;display:inline-block;\">\n\t<i class=\"Defaults-female\"><\/i>\n<\/div><\/div><\/div><\/div><div class=\"aio-icon-header\" ><h3 class=\"aio-icon-title ult-responsive\"  data-ultimate-target='#Info-box-wrap-9870 .aio-icon-title'  data-responsive-json-new='{\"font-size\":\"desktop:13px;\",\"line-height\":\"\"}'  style=\"font-family:&#039;Open Sans&#039;;font-weight:700;color:#3f3f3f;\">Hormonelles Ungleichgewicht<\/h3><\/div> <!-- header --><div class=\"aio-icon-description ult-responsive\"  data-ultimate-target='#Info-box-wrap-9870 .aio-icon-description'  data-responsive-json-new='{\"font-size\":\"\",\"line-height\":\"\"}'  style=\"\">Ohrakupunktur unterst\u00fctzt bei Menstruationsbeschwerden, Wechseljahrsbeschwerden, unerf\u00fclltem Kinderwunsch oder hormonell bedingten Problemen.<\/div> <!-- description --><\/div> <!-- aio-icon-box --><\/a><\/div> <!-- aio-icon-component --><div class=\"aio-icon-component    style_1\"><a class=\"aio-icon-box-link\" ><div id=\"Info-box-wrap-3059\" class=\"aio-icon-box top-icon\" style=\"\"  ><div class=\"aio-icon-top\"><div class=\"ult-just-icon-wrapper  \"><div class=\"align-icon\" style=\"text-align:center;\">\n<div class=\"aio-icon none \"  style=\"color:#333;font-size:30px;display:inline-block;\">\n\t<i class=\"Defaults-trash-o\"><\/i>\n<\/div><\/div><\/div><\/div><div class=\"aio-icon-header\" ><h3 class=\"aio-icon-title ult-responsive\"  data-ultimate-target='#Info-box-wrap-3059 .aio-icon-title'  data-responsive-json-new='{\"font-size\":\"desktop:13px;\",\"line-height\":\"\"}'  style=\"font-family:&#039;Open Sans&#039;;font-weight:700;color:#3f3f3f;\">Sucht und Detox<\/h3><\/div> <!-- header --><div class=\"aio-icon-description ult-responsive\"  data-ultimate-target='#Info-box-wrap-3059 .aio-icon-description'  data-responsive-json-new='{\"font-size\":\"\",\"line-height\":\"\"}'  style=\"\">Ohrakupunktur ist wirksam bei der Unterst\u00fctzung von Entzugsprozessen, z. B. bei Raucherentw\u00f6hnung oder Gewichtsreduktion.<\/div> <!-- description --><\/div> <!-- aio-icon-box --><\/a><\/div> <!-- aio-icon-component --><div class=\"aio-icon-component    style_1\"><a class=\"aio-icon-box-link\" ><div id=\"Info-box-wrap-6325\" class=\"aio-icon-box top-icon\" style=\"\"  ><div class=\"aio-icon-top\"><div class=\"ult-just-icon-wrapper  \"><div class=\"align-icon\" style=\"text-align:center;\">\n<div class=\"aio-icon none \"  style=\"color:#333;font-size:30px;display:inline-block;\">\n\t<i class=\"Defaults-paper-plane send\"><\/i>\n<\/div><\/div><\/div><\/div><div class=\"aio-icon-header\" ><h3 class=\"aio-icon-title ult-responsive\"  data-ultimate-target='#Info-box-wrap-6325 .aio-icon-title'  data-responsive-json-new='{\"font-size\":\"desktop:13px;\",\"line-height\":\"\"}'  style=\"font-family:&#039;Open Sans&#039;;font-weight:700;color:#3f3f3f;\">Atemwegsbeschwerden<\/h3><\/div> <!-- header --><div class=\"aio-icon-description ult-responsive\"  data-ultimate-target='#Info-box-wrap-6325 .aio-icon-description'  data-responsive-json-new='{\"font-size\":\"\",\"line-height\":\"\"}'  style=\"\">Ohrakupunktur bring Linderung bei chronischen Erkrankungen wie Asthma, Allergien oder Sinusitis.<\/div> <!-- description --><\/div> <!-- aio-icon-box --><\/a><\/div> <!-- aio-icon-component --><div class=\"aio-icon-component    style_1\"><a class=\"aio-icon-box-link\" ><div id=\"Info-box-wrap-7018\" class=\"aio-icon-box top-icon\" style=\"\"  ><div class=\"aio-icon-top\"><div class=\"ult-just-icon-wrapper  \"><div class=\"align-icon\" style=\"text-align:center;\">\n<div class=\"aio-icon none \"  style=\"color:#333;font-size:30px;display:inline-block;\">\n\t<i class=\"Defaults-plus-circle\"><\/i>\n<\/div><\/div><\/div><\/div><div class=\"aio-icon-header\" ><h3 class=\"aio-icon-title ult-responsive\"  data-ultimate-target='#Info-box-wrap-7018 .aio-icon-title'  data-responsive-json-new='{\"font-size\":\"desktop:13px;\",\"line-height\":\"\"}'  style=\"font-family:&#039;Open Sans&#039;;font-weight:700;color:#3f3f3f;\">Schwaches Immunsystem<\/h3><\/div> <!-- header --><div class=\"aio-icon-description ult-responsive\"  data-ultimate-target='#Info-box-wrap-7018 .aio-icon-description'  data-responsive-json-new='{\"font-size\":\"\",\"line-height\":\"\"}'  style=\"\">Ohrakupunktur aktiviert die Selbstheilungskr\u00e4fte, macht den K\u00f6rper widerstandsf\u00e4higer gegen Infekte und unterst\u00fctzt die Genesung nach Erkrankungen.<\/div> <!-- description --><\/div> <!-- aio-icon-box --><\/a><\/div> <!-- aio-icon-component --><div class=\"aio-icon-component    style_1\"><a class=\"aio-icon-box-link\" ><div id=\"Info-box-wrap-4402\" class=\"aio-icon-box top-icon\" style=\"\"  ><div class=\"aio-icon-top\"><div class=\"ult-just-icon-wrapper  \"><div class=\"align-icon\" style=\"text-align:center;\">\n<div class=\"aio-icon none \"  style=\"color:#333;font-size:30px;display:inline-block;\">\n\t<i class=\"Defaults-star-o\"><\/i>\n<\/div><\/div><\/div><\/div><div class=\"aio-icon-header\" ><h3 class=\"aio-icon-title ult-responsive\"  data-ultimate-target='#Info-box-wrap-4402 .aio-icon-title'  data-responsive-json-new='{\"font-size\":\"desktop:13px;\",\"line-height\":\"\"}'  style=\"font-family:&#039;Open Sans&#039;;font-weight:700;color:#3f3f3f;\">Schlafst\u00f6rungen<\/h3><\/div> <!-- header --><div class=\"aio-icon-description ult-responsive\"  data-ultimate-target='#Info-box-wrap-4402 .aio-icon-description'  data-responsive-json-new='{\"font-size\":\"\",\"line-height\":\"\"}'  style=\"\">Ohrakupunktur f\u00f6rdert Entspannung und hilft bei Ein- und Durchschlafproblemen.<\/div> <!-- description --><\/div> <!-- aio-icon-box --><\/a><\/div> <!-- aio-icon-component --><div class=\"aio-icon-component    style_1\"><a class=\"aio-icon-box-link\" ><div id=\"Info-box-wrap-2054\" class=\"aio-icon-box top-icon\" style=\"\"  ><div class=\"aio-icon-top\"><div class=\"ult-just-icon-wrapper  \"><div class=\"align-icon\" style=\"text-align:center;\">\n<div class=\"aio-icon none \"  style=\"color:#333;font-size:30px;display:inline-block;\">\n\t<i class=\"Defaults-heart\"><\/i>\n<\/div><\/div><\/div><\/div><div class=\"aio-icon-header\" ><h3 class=\"aio-icon-title ult-responsive\"  data-ultimate-target='#Info-box-wrap-2054 .aio-icon-title'  data-responsive-json-new='{\"font-size\":\"desktop:13px;\",\"line-height\":\"\"}'  style=\"font-family:&#039;Open Sans&#039;;font-weight:700;color:#3f3f3f;\">Emotionale Beschwerden<\/h3><\/div> <!-- header --><div class=\"aio-icon-description ult-responsive\"  data-ultimate-target='#Info-box-wrap-2054 .aio-icon-description'  data-responsive-json-new='{\"font-size\":\"\",\"line-height\":\"\"}'  style=\"\">Ohrakupunktur hilft bei \u00c4ngsten, depressiven Verstimmungen oder \u00dcberforderungssituationen, das innere Gleichgewicht wiederherzustellen.<\/div> <!-- description --><\/div> <!-- aio-icon-box --><\/a><\/div> <!-- aio-icon-component -->[vc_empty_space height=&#8220;20px&#8220;]<span id=\"creative-link-wrap-2450\" class=\"ult_main_cl ult-adjust-bottom-margin style-ten  vc_custom_1735922130950\" >\n\t \t\t\t<span class=\"ult_cl_link_11  ult_crlink\" >\n\t\t\t\t\t<a  data-ultimate-target='#creative-link-wrap-2450 .ult_colorlink'  data-responsive-json-new='{\"font-size\":\"desktop:12px;\",\"line-height\":\"desktop:16px;\"}'  href=\"https:\/\/praxis-armonia.ch\/?page_id=704\" title=\"Termin vereinbaren\"  class=\"ult_colorlink ult-responsive \" style=\"font-family:Open Sans;font-weight:600; \"  data-textcolor=\"#ffffff\" data-texthover=\"#000000\"data-style=\"Style_11\">\n\t\t\t\t\t\t<span class=\"ult_link_top ult_btn11_link_top \" style=\"background:#008080;color:#000000;;padding-top: 10px !important;padding-right: 20px !important;padding-bottom: 10px !important;padding-left: 20px !important;\">Termin vereinbaren<\/span>\n\t\t\t\t\t\t<span data-hover=\"Termin vereinbaren\" style=\"color:#ffffff;;background:#000000;;padding-top: 10px !important;padding-right: 20px !important;padding-bottom: 10px !important;padding-left: 20px !important;\" class=\"ult_btn10_span   \">Termin vereinbaren<\/span>\n\t\t\t\t\t\t\n\t\t\t\t\t<\/a>\n\t\t\t\t<\/span>\n\t\t\t<\/span><div class=\"ult-spacer spacer-69f733b393aa3\" data-id=\"69f733b393aa3\" data-height=\"0\" data-height-mobile=\"40\" data-height-tab=\"\" data-height-tab-portrait=\"\" data-height-mobile-landscape=\"40\" style=\"clear:both;display:block;\"><\/div>[\/vc_column][vc_column css_animation=&#8220;slideInUp&#8220; width=&#8220;1\/4&#8243; css=&#8220;.vc_custom_1497199737375{padding-right: 25px !important;padding-left: 25px !important;}&#8220;][\/vc_column][\/vc_row][vc_row bg_type=&#8220;bg_color&#8220; bg_override=&#8220;ex-full&#8220; bg_color_value=&#8220;#a9d3d3&#8243; css=&#8220;.vc_custom_1736451098040{padding-top: 125px !important;}&#8220;][vc_column][vc_column_text css=&#8220;.vc_custom_1737989607413{background-color: __USE_THEME_MAIN_COLOR__ !important;border-color: __USE_THEME_MAIN_COLOR__ !important;}&#8220;]<\/p>\n<h1 class=\"h1quotehome\">\u201c <span class=\"BxUVEf ILfuVd\" lang=\"de\"><span class=\"hgKElc\">Der menschliche K\u00f6rper ist nur ein Zusammenspiel von Energien.<\/span><\/span>\u201d<\/h1>\n<p>&nbsp;<\/p>\n<p>&#8211; Dalai Lama[\/vc_column_text][vc_empty_space height=&#8220;100px&#8220;][\/vc_column][\/vc_row]<\/p>\n<\/div>","protected":false},"excerpt":{"rendered":"<p>[vc_row][vc_column][rev_slider_vc alias=&#8220;homev1&#8243;][vc_empty_space height=&#8220;80px&#8220;][\/vc_column][\/vc_row][vc_row][vc_column width=&#8220;1\/4&#8243;][\/vc_column][vc_column width=&#8220;1\/2&#8243;][vc_custom_heading text=&#8220;Ohrakupunktur&#8220; font_container=&#8220;tag:h2|font_size:26px|text_align:center&#8220; use_theme_fonts=&#8220;yes&#8220; css=&#8220;&#8220;][vc_column_text css=&#8220;&#8220;]Die Ohrakupunktur ist eine naturheilkundliche Methode, die das Zusammenspiel von Organen, Nerven und Energiebahnen harmonisiert und die Selbstheilungskr\u00e4fte aktiviert. Durch gezielte Stimulation von Akupunkturpunkten am Ohr k\u00f6nnen Blockaden gel\u00f6st und Beschwerden gelindert werden. Das Ohr dient dabei als Mikrosystem, das \u00fcber die Behandlung spezifischer Punkte einen [&hellip;]<\/p>\n","protected":false},"author":1,"featured_media":0,"parent":0,"menu_order":0,"comment_status":"closed","ping_status":"closed","template":"template-home.php","meta":{"footnotes":""},"class_list":["post-1478","page","type-page","status-publish","hentry"],"_links":{"self":[{"href":"https:\/\/praxis-armonia.ch\/index.php?rest_route=\/wp\/v2\/pages\/1478","targetHints":{"allow":["GET"]}}],"collection":[{"href":"https:\/\/praxis-armonia.ch\/index.php?rest_route=\/wp\/v2\/pages"}],"about":[{"href":"https:\/\/praxis-armonia.ch\/index.php?rest_route=\/wp\/v2\/types\/page"}],"author":[{"embeddable":true,"href":"https:\/\/praxis-armonia.ch\/index.php?rest_route=\/wp\/v2\/users\/1"}],"replies":[{"embeddable":true,"href":"https:\/\/praxis-armonia.ch\/index.php?rest_route=%2Fwp%2Fv2%2Fcomments&post=1478"}],"version-history":[{"count":6,"href":"https:\/\/praxis-armonia.ch\/index.php?rest_route=\/wp\/v2\/pages\/1478\/revisions"}],"predecessor-version":[{"id":1563,"href":"https:\/\/praxis-armonia.ch\/index.php?rest_route=\/wp\/v2\/pages\/1478\/revisions\/1563"}],"wp:attachment":[{"href":"https:\/\/praxis-armonia.ch\/index.php?rest_route=%2Fwp%2Fv2%2Fmedia&parent=1478"}],"curies":[{"name":"wp","href":"https:\/\/api.w.org\/{rel}","templated":true}]}}